{"id":15,"date":"2017-12-21T22:44:35","date_gmt":"2017-12-21T22:44:35","guid":{"rendered":"http:\/\/wp.ferienwohnung-golssen.de\/?page_id=15"},"modified":"2018-06-18T14:15:14","modified_gmt":"2018-06-18T14:15:14","slug":"zimmer","status":"publish","type":"page","link":"https:\/\/ferienwohnung-golssen.de\/?page_id=15","title":{"rendered":"Pension &#038; Preise"},"content":{"rendered":"<h1><strong>Paul&#8217;s Haus bietet:<\/strong><\/h1>\n<p style=\"text-align: left;\">Eine Unterkunft bis 7 Personen <img loading=\"lazy\" decoding=\"async\" class=\"size-medium wp-image-167 alignright\" src=\"http:\/\/wp.ferienwohnung-golssen.de\/wp-content\/uploads\/2018\/03\/IMG_20171113_1324251-300x225.jpg\" alt=\"\" width=\"300\" height=\"225\" srcset=\"https:\/\/ferienwohnung-golssen.de\/wp-content\/uploads\/2018\/03\/IMG_20171113_1324251-300x225.jpg 300w, https:\/\/ferienwohnung-golssen.de\/wp-content\/uploads\/2018\/03\/IMG_20171113_1324251-768x576.jpg 768w, https:\/\/ferienwohnung-golssen.de\/wp-content\/uploads\/2018\/03\/IMG_20171113_1324251-1024x768.jpg 1024w\" sizes=\"auto, (max-width: 300px) 100vw, 300px\" \/><\/p>\n<p style=\"text-align: left;\">1 Ferienwohnung mit Terrasse f\u00fcr 3 Personen und 2 Zimmer f\u00fcr jeweils\u00a0 2 Personen<\/p>\n<p>Es sind NR Zimmer und FW . Raucher k\u00f6nnen die Terrasse oder den Hof nutzen.<\/p>\n<p>Zusatzleistungen: Aufbettungen &amp; Kinderbett<\/p>\n<p>Alle Zimmer verf\u00fcgen \u00fcber Dusche &amp; WC , TV , Minik\u00fcche, K\u00fchlschrank, Kaffeemaschine und Wasserkocher<\/p>\n<p><img loading=\"lazy\" decoding=\"async\" class=\"size-medium wp-image-285 alignleft\" src=\"http:\/\/wp.ferienwohnung-golssen.de\/wp-content\/uploads\/2018\/05\/IMG_20171113_1327171-300x225.jpg\" alt=\"\" width=\"300\" height=\"225\" srcset=\"https:\/\/ferienwohnung-golssen.de\/wp-content\/uploads\/2018\/05\/IMG_20171113_1327171-300x225.jpg 300w, https:\/\/ferienwohnung-golssen.de\/wp-content\/uploads\/2018\/05\/IMG_20171113_1327171-768x576.jpg 768w, https:\/\/ferienwohnung-golssen.de\/wp-content\/uploads\/2018\/05\/IMG_20171113_1327171-1024x768.jpg 1024w\" sizes=\"auto, (max-width: 300px) 100vw, 300px\" \/><\/p>\n<p><img loading=\"lazy\" decoding=\"async\" class=\"size-medium wp-image-275 alignright\" src=\"http:\/\/wp.ferienwohnung-golssen.de\/wp-content\/uploads\/2018\/05\/IMG_20171113_1313471-225x300.jpg\" alt=\"\" width=\"225\" height=\"300\" srcset=\"https:\/\/ferienwohnung-golssen.de\/wp-content\/uploads\/2018\/05\/IMG_20171113_1313471-225x300.jpg 225w, https:\/\/ferienwohnung-golssen.de\/wp-content\/uploads\/2018\/05\/IMG_20171113_1313471-768x1024.jpg 768w, https:\/\/ferienwohnung-golssen.de\/wp-content\/uploads\/2018\/05\/IMG_20171113_1313471.jpg 1920w\" sizes=\"auto, (max-width: 225px) 100vw, 225px\" \/><\/p>\n<p>&nbsp;<\/p>\n<p>&nbsp;<\/p>\n<p>&nbsp;<\/p>\n<p>&nbsp;<\/p>\n<p>&nbsp;<\/p>\n<p>Doppelzimmer ab 35.\u20ac-pro Tag<\/p>\n<p style=\"text-align: left;\">Ferienwohnung 3 Per. ab 50.\u20ac pro Tag<\/p>\n<p>Fr\u00fchst\u00fccks- und Br\u00f6tchenservice mit Eiern von eigenen gl\u00fccklichen H\u00fchnern m\u00f6glich<\/p>\n<p>Sonderkonditionen f\u00fcr Lehrlinge und Praktikanten bei langfristiger Zimmernutzung<\/p>\n<p>Anreise ab 13.oo Uhr- Abreise bis 10.oo Uhr oder nach Vereinbarung.<\/p>\n<p><img loading=\"lazy\" decoding=\"async\" class=\"alignright wp-image-344 size-medium\" src=\"http:\/\/wp.ferienwohnung-golssen.de\/wp-content\/uploads\/2018\/05\/IMG_20180415_192833-300x225.jpg\" alt=\"\" width=\"300\" height=\"225\" srcset=\"https:\/\/ferienwohnung-golssen.de\/wp-content\/uploads\/2018\/05\/IMG_20180415_192833-300x225.jpg 300w, https:\/\/ferienwohnung-golssen.de\/wp-content\/uploads\/2018\/05\/IMG_20180415_192833-768x576.jpg 768w, https:\/\/ferienwohnung-golssen.de\/wp-content\/uploads\/2018\/05\/IMG_20180415_192833-1024x768.jpg 1024w\" sizes=\"auto, (max-width: 300px) 100vw, 300px\" \/><\/p>\n<p><img loading=\"lazy\" decoding=\"async\" class=\"alignnone size-medium wp-image-281\" src=\"http:\/\/wp.ferienwohnung-golssen.de\/wp-content\/uploads\/2018\/05\/IMG_20171113_1322361-300x225.jpg\" alt=\"\" width=\"300\" height=\"225\" srcset=\"https:\/\/ferienwohnung-golssen.de\/wp-content\/uploads\/2018\/05\/IMG_20171113_1322361-300x225.jpg 300w, https:\/\/ferienwohnung-golssen.de\/wp-content\/uploads\/2018\/05\/IMG_20171113_1322361-768x576.jpg 768w, https:\/\/ferienwohnung-golssen.de\/wp-content\/uploads\/2018\/05\/IMG_20171113_1322361-1024x768.jpg 1024w\" sizes=\"auto, (max-width: 300px) 100vw, 300px\" \/><\/p>\n<p>&nbsp;<\/p>\n<p>Grill und Gartenm\u00f6bel im Hofbereich<\/p>\n<p>Haustiere aller Bremer Stadtmusikanten im eigenen Garten und Hof zum Anfassen<\/p>\n<p>Reit- und Kutschfahrten sind nach Absprache m\u00f6glich.<\/p>\n<p>Unsere Fr\u00fchst\u00fcckseier werden freilaufend von gl\u00fccklichen H\u00fchnern produziert. Das Warmwasser sowie unser Strom werden umweltfreundlich mit Sonnenenergie erzeugt.<\/p>\n<p class=\"western\">\n","protected":false},"excerpt":{"rendered":"<p>Paul&#8217;s Haus bietet: Eine Unterkunft bis 7 Personen 1 Ferienwohnung mit Terrasse f\u00fcr 3 Personen und 2 Zimmer f\u00fcr jeweils\u00a0 2 Personen Es sind NR Zimmer und FW . Raucher k\u00f6nnen die Terrasse oder den Hof nutzen. Zusatzleistungen: Aufbettungen &amp; Kinderbett Alle Zimmer verf\u00fcgen \u00fcber Dusche &amp; WC , TV , Minik\u00fcche, K\u00fchlschrank, Kaffeemaschine und &hellip; <a href=\"https:\/\/ferienwohnung-golssen.de\/?page_id=15\" class=\"more-link\"><span class=\"screen-reader-text\">Pension &#038; Preise<\/span> weiterlesen<\/a><\/p>\n","protected":false},"author":1,"featured_media":0,"parent":0,"menu_order":0,"comment_status":"closed","ping_status":"closed","template":"","meta":{"footnotes":""},"class_list":["post-15","page","type-page","status-publish","hentry"],"_links":{"self":[{"href":"https:\/\/ferienwohnung-golssen.de\/index.php?rest_route=\/wp\/v2\/pages\/15","targetHints":{"allow":["GET"]}}],"collection":[{"href":"https:\/\/ferienwohnung-golssen.de\/index.php?rest_route=\/wp\/v2\/pages"}],"about":[{"href":"https:\/\/ferienwohnung-golssen.de\/index.php?rest_route=\/wp\/v2\/types\/page"}],"author":[{"embeddable":true,"href":"https:\/\/ferienwohnung-golssen.de\/index.php?rest_route=\/wp\/v2\/users\/1"}],"replies":[{"embeddable":true,"href":"https:\/\/ferienwohnung-golssen.de\/index.php?rest_route=%2Fwp%2Fv2%2Fcomments&post=15"}],"version-history":[{"count":39,"href":"https:\/\/ferienwohnung-golssen.de\/index.php?rest_route=\/wp\/v2\/pages\/15\/revisions"}],"predecessor-version":[{"id":420,"href":"https:\/\/ferienwohnung-golssen.de\/index.php?rest_route=\/wp\/v2\/pages\/15\/revisions\/420"}],"wp:attachment":[{"href":"https:\/\/ferienwohnung-golssen.de\/index.php?rest_route=%2Fwp%2Fv2%2Fmedia&parent=15"}],"curies":[{"name":"wp","href":"https:\/\/api.w.org\/{rel}","templated":true}]}}