{"id":2,"date":"2016-05-10T03:48:21","date_gmt":"2016-05-10T03:48:21","guid":{"rendered":"http:\/\/wp.ferienwohnung-golssen.de\/?page_id=2"},"modified":"2023-02-05T11:48:32","modified_gmt":"2023-02-05T11:48:32","slug":"sample-page","status":"publish","type":"page","link":"https:\/\/ferienwohnung-golssen.de\/","title":{"rendered":"Pension &#038; Ferienwohnung"},"content":{"rendered":"<p>Herzlich Willkommen in unserer kleinen Familienpension!<\/p>\n<p>Genie\u00dfen Sie mit uns Ferien und Erholung pur!<\/p>\n<blockquote><p>Wir, die Familie Brzezinski, m\u00f6chten uns Ihnen kurz vorstellen:<br \/>\nUnsere Familie ist seit ca. 1848 im Haus der Pension sesshaft. Seit 1992 vermieten wir Zimmer an unsere G\u00e4ste. Sp\u00e4ter kam eine Ferienwohnung dazu. In unserem gro\u00dfen Garten finden unsere J\u00fcngsten alle Tiere der Bremer Stadtmusikanten zum Anfassen. Unsere Pension hat 2 Sterne und bietet <a href=\"https:\/\/www.bettundbike.de\/\">Bett+Bike<\/a> f\u00fcr Fahrradurlauber.<\/p><\/blockquote>\n<p>Paul&#8217;s Haus befindet sich im Zentrum von Gol\u00dfen. Der Markt mit dem Rathaus im neugotischen Stil und die klassizistische Kirche sind nur einige hundert Meter entfernt. Nutzen Sie die wundersch\u00f6ne Umgebung f\u00fcr lange Wanderungen, Fahrradtouren und Ausfl\u00fcge in den nahen Spreewald oder ins Tropical Islands.<\/p>\n<blockquote><p>Wir bieten eine Ferienwohnung zwei Ferienzimmer in unterschiedlichen Gr\u00f6\u00dfen und <a href=\"https:\/\/ferienwohnung-golssen.de\/?page_id=15\">Preisklassen<\/a>. Unsere Ferienwohnung und unsere Ferienzimmer sind geschmackvoll und funktional eingerichtet. So k\u00f6nnen Sie sich auch im Urlaub sofort wie zu Hause f\u00fchlen.<\/p><\/blockquote>\n<p>Wir freuen uns auf Ihren Besuch!<\/p>\n","protected":false},"excerpt":{"rendered":"<p>Herzlich Willkommen in unserer kleinen Familienpension! Genie\u00dfen Sie mit uns Ferien und Erholung pur! Wir, die Familie Brzezinski, m\u00f6chten uns Ihnen kurz vorstellen: Unsere Familie ist seit ca. 1848 im Haus der Pension sesshaft. Seit 1992 vermieten wir Zimmer an unsere G\u00e4ste. Sp\u00e4ter kam eine Ferienwohnung dazu. In unserem gro\u00dfen Garten finden unsere J\u00fcngsten alle &hellip; <a href=\"https:\/\/ferienwohnung-golssen.de\/\" class=\"more-link\"><span class=\"screen-reader-text\">Pension &#038; Ferienwohnung<\/span> weiterlesen<\/a><\/p>\n","protected":false},"author":1,"featured_media":0,"parent":0,"menu_order":0,"comment_status":"closed","ping_status":"closed","template":"","meta":{"footnotes":""},"class_list":["post-2","page","type-page","status-publish","hentry"],"_links":{"self":[{"href":"https:\/\/ferienwohnung-golssen.de\/index.php?rest_route=\/wp\/v2\/pages\/2","targetHints":{"allow":["GET"]}}],"collection":[{"href":"https:\/\/ferienwohnung-golssen.de\/index.php?rest_route=\/wp\/v2\/pages"}],"about":[{"href":"https:\/\/ferienwohnung-golssen.de\/index.php?rest_route=\/wp\/v2\/types\/page"}],"author":[{"embeddable":true,"href":"https:\/\/ferienwohnung-golssen.de\/index.php?rest_route=\/wp\/v2\/users\/1"}],"replies":[{"embeddable":true,"href":"https:\/\/ferienwohnung-golssen.de\/index.php?rest_route=%2Fwp%2Fv2%2Fcomments&post=2"}],"version-history":[{"count":22,"href":"https:\/\/ferienwohnung-golssen.de\/index.php?rest_route=\/wp\/v2\/pages\/2\/revisions"}],"predecessor-version":[{"id":429,"href":"https:\/\/ferienwohnung-golssen.de\/index.php?rest_route=\/wp\/v2\/pages\/2\/revisions\/429"}],"wp:attachment":[{"href":"https:\/\/ferienwohnung-golssen.de\/index.php?rest_route=%2Fwp%2Fv2%2Fmedia&parent=2"}],"curies":[{"name":"wp","href":"https:\/\/api.w.org\/{rel}","templated":true}]}}