{"id":33,"date":"2017-12-21T23:20:17","date_gmt":"2017-12-21T23:20:17","guid":{"rendered":"http:\/\/wp.ferienwohnung-golssen.de\/?page_id=33"},"modified":"2018-06-18T19:11:34","modified_gmt":"2018-06-18T19:11:34","slug":"anfahrt","status":"publish","type":"page","link":"https:\/\/ferienwohnung-golssen.de\/?page_id=33","title":{"rendered":"Ihr Weg zu uns"},"content":{"rendered":"<p>Paul&#8217;s Haus ist gut per Bahn, Fahrrad\u00a0 und Auto erreichbar. Sie erreichen uns \u00fcber die Bahnh\u00f6fe Gol\u00dfen oder Brandt, \u00fcber den Gurkenradweg oder beschaulich \u00fcber die B96 oder \u00fcber die A13 Abfahrt 6 Staakow.<\/p>\n<p>Ihr Fahr- oder Motorrad k\u00f6nnen Sie auf unserem Hof sicher abstellen. Kostenfreie Parkpl\u00e4tze f\u00fcr Ihren eigenen Wagen sind auf der Stra\u00dfe vor dem Haus verf\u00fcgbar.<\/p>\n<p>Zu unserem Service geh\u00f6rt es, Sie von Ihrem jeweiligen Ankunftspunkt abzuholen. So k\u00f6nnen Sie sich auch weiterhin entspannt zur\u00fccklehnen und einfach nur genie\u00dfen.<\/p>\n<p>Denn dies ist unser Ziel: Ihre vollkommene Entspannung. \u00dcberzeugen Sie sich selbst davon!<\/p>\n<p><iframe loading=\"lazy\" style=\"border: 1px solid black;\" src=\"https:\/\/www.openstreetmap.org\/export\/embed.html?bbox=13.601149320602417%2C51.97140364245006%2C13.604689836502077%2C51.97285606748589&amp;layer=mapnik&amp;marker=51.97212986085274%2C13.602919578552246\" width=\"725\" height=\"504\" frameborder=\"0\" marginwidth=\"0\" marginheight=\"0\" scrolling=\"no\"><\/iframe><br \/>\n<small><a href=\"https:\/\/www.openstreetmap.org\/?mlat=51.97213&amp;mlon=13.60292#map=19\/51.97213\/13.60292\">Gr\u00f6\u00dfere Karte anzeigen<\/a><\/small><\/p>\n<p><em>Quelle OpenStreetMap<\/em><code><\/code><\/p>\n","protected":false},"excerpt":{"rendered":"<p>Paul&#8217;s Haus ist gut per Bahn, Fahrrad\u00a0 und Auto erreichbar. Sie erreichen uns \u00fcber die Bahnh\u00f6fe Gol\u00dfen oder Brandt, \u00fcber den Gurkenradweg oder beschaulich \u00fcber die B96 oder \u00fcber die A13 Abfahrt 6 Staakow. Ihr Fahr- oder Motorrad k\u00f6nnen Sie auf unserem Hof sicher abstellen. Kostenfreie Parkpl\u00e4tze f\u00fcr Ihren eigenen Wagen sind auf der Stra\u00dfe &hellip; <a href=\"https:\/\/ferienwohnung-golssen.de\/?page_id=33\" class=\"more-link\"><span class=\"screen-reader-text\">Ihr Weg zu uns<\/span> weiterlesen<\/a><\/p>\n","protected":false},"author":1,"featured_media":0,"parent":2,"menu_order":0,"comment_status":"closed","ping_status":"closed","template":"","meta":{"footnotes":""},"class_list":["post-33","page","type-page","status-publish","hentry"],"_links":{"self":[{"href":"https:\/\/ferienwohnung-golssen.de\/index.php?rest_route=\/wp\/v2\/pages\/33","targetHints":{"allow":["GET"]}}],"collection":[{"href":"https:\/\/ferienwohnung-golssen.de\/index.php?rest_route=\/wp\/v2\/pages"}],"about":[{"href":"https:\/\/ferienwohnung-golssen.de\/index.php?rest_route=\/wp\/v2\/types\/page"}],"author":[{"embeddable":true,"href":"https:\/\/ferienwohnung-golssen.de\/index.php?rest_route=\/wp\/v2\/users\/1"}],"replies":[{"embeddable":true,"href":"https:\/\/ferienwohnung-golssen.de\/index.php?rest_route=%2Fwp%2Fv2%2Fcomments&post=33"}],"version-history":[{"count":17,"href":"https:\/\/ferienwohnung-golssen.de\/index.php?rest_route=\/wp\/v2\/pages\/33\/revisions"}],"predecessor-version":[{"id":421,"href":"https:\/\/ferienwohnung-golssen.de\/index.php?rest_route=\/wp\/v2\/pages\/33\/revisions\/421"}],"up":[{"embeddable":true,"href":"https:\/\/ferienwohnung-golssen.de\/index.php?rest_route=\/wp\/v2\/pages\/2"}],"wp:attachment":[{"href":"https:\/\/ferienwohnung-golssen.de\/index.php?rest_route=%2Fwp%2Fv2%2Fmedia&parent=33"}],"curies":[{"name":"wp","href":"https:\/\/api.w.org\/{rel}","templated":true}]}}